{"id":1953,"date":"2026-03-14T21:50:54","date_gmt":"2026-03-14T20:50:54","guid":{"rendered":"https:\/\/petimo.pl\/?post_type=product&#038;p=1953"},"modified":"2026-03-16T02:44:30","modified_gmt":"2026-03-16T01:44:30","slug":"odcisk-lapy","status":"publish","type":"product","link":"https:\/\/petimo.pl\/?product=odcisk-lapy","title":{"rendered":"Odcisk \u0141apy"},"content":{"rendered":"<h2>Stw\u00f3rz wyj\u0105tkow\u0105 pami\u0105tk\u0119 swojego najlepszego pupila!<\/h2>\n<div class=\"mpof_ki myre_zn myre_8v_l m389_6m_l\">\n<div class=\"mp4t_16_s mryx_16_s mr3m_1 mli2_1 mh85_56 mh85_0_l\">\n<div class=\"mgn2_16 _0d3bd_am0a-\">\n<p>Tusz do odcisk\u00f3w to fantastyczny gad\u017cet pozwalaj\u0105cy zachowa\u0107 na zawsze odcisk \u0142apki pupila, bez brudzenia \u0142apek<\/p>\n<p>Zestaw do odcisk\u00f3w \u0142ap,\u00a0<b>niebrudz\u0105cy\u00a0<\/b>i nieszkodliwy, to zdecydowanie\u00a0<b>ponadczasowa<\/b>\u00a0i\u00a0<b>niezast\u0105piona pami\u0105tka<\/b>. Odcisk \u0142ap najlepszego przyjaciela stanie si\u0119 pi\u0119kn\u0105, pami\u0105tkow\u0105 dekoracj\u0105. Produkt jest \u015bwietnym i kreatywnym pomys\u0142em na prezent dla ka\u017cdego posiadacza czworono\u017cnego przyjaciela.<\/p>\n<\/div>\n<\/div>\n<\/div>\n[\/vc_column_text][image_with_animation image_url=&#8221;1955&#8243; image_size=&#8221;medium_large&#8221; animation_type=&#8221;entrance&#8221; animation=&#8221;None&#8221; animation_movement_type=&#8221;transform_y&#8221; hover_animation=&#8221;none&#8221; alignment=&#8221;center&#8221; border_radius=&#8221;20px&#8221; box_shadow=&#8221;medium_depth&#8221; image_loading=&#8221;default&#8221; max_width=&#8221;100%&#8221; max_width_mobile=&#8221;default&#8221;][vc_column_text]\n<div class=\"mpof_ki myre_zn myre_8v_l m389_6m_l\">\n<div class=\"mp4t_16_s mryx_16_s mr3m_1 mli2_1 mh85_56 mh85_0_l\">\n<div class=\"mgn2_16 _0d3bd_am0a-\">\n<h2>\u00a0SPECYFIKACJA:<\/h2>\n<ul>\n<li>Wymiar powierzchni do odbijania: 5,7x 9,9 cm<\/li>\n<li>Wymiar: 8 x 12,5 cm<\/li>\n<li>Kolor tuszu:<b>\u00a0czarny<\/b><\/li>\n<li>Zestaw zawiera:\u00a0<b>ramka z tuszem + 2 kartoniki do wykonania odcisku<\/b>.<\/li>\n<\/ul>\n<\/div>\n<\/div>\n<\/div>\n<div class=\"mpof_ki myre_zn myre_8v_l m389_6m_l\">\n<div class=\"mp4t_16_s mryx_16_s mr3m_1 mli2_1 mh85_56 mh85_0_l\">\n<div class=\"mg9e_8 mj7a_8 mg9e_0_s mvrt_0_s mj7a_0_s mh36_0_s mzmg_6m munh_16_l m3h2_16_l\">\n<div class=\"mp4t_0 mryx_0 munh_56 m3h2_56\">\n<div class=\"mp7g_oh\"><\/div>\n<\/div>\n<\/div>\n<\/div>\n<div class=\"mp4t_16_s mryx_16_s mr3m_1 mli2_1 mh85_56 mh85_0_l\">\n<div class=\"mgn2_16 _0d3bd_am0a-\">\n<h2>ZALETY PRODUKTU:<\/h2>\n<ul>\n<li><b>\u0141atwe i szybkie\u00a0<\/b>wykonanie<\/li>\n<li><b>Niebrudz\u0105cy<\/b><\/li>\n<li><b>Bezpieczny<\/b><\/li>\n<li>Tworzy wspomnienia<\/li>\n<li><b>Mo\u017ce pos\u0142u\u017cy\u0107 jako wz\u00f3r do tatua\u017cu<\/b><\/li>\n<li>Doskona\u0142a pami\u0105tka<\/li>\n<li><b>\u015awietnie sprawdzi si\u0119 jako prezent<\/b><\/li>\n<li>Doskona\u0142a dekoracja<\/li>\n<\/ul>\n<\/div>\n<\/div>\n<\/div>\n[\/vc_column_text][image_with_animation image_url=&#8221;1956&#8243; image_size=&#8221;medium_large&#8221; animation_type=&#8221;entrance&#8221; animation=&#8221;None&#8221; animation_movement_type=&#8221;transform_y&#8221; hover_animation=&#8221;none&#8221; alignment=&#8221;center&#8221; border_radius=&#8221;20px&#8221; box_shadow=&#8221;medium_depth&#8221; image_loading=&#8221;default&#8221; max_width=&#8221;100%&#8221; max_width_mobile=&#8221;default&#8221;][vc_column_text]\n<h2>JAK U\u017bYWA\u0106<\/h2>\n<ul>\n<li>Pod arkusz z tuszem w\u0142\u00f3\u017c podk\u0142adk\u0119 do wykonania odcisku<\/li>\n<li>Po\u0142\u00f3\u017c kartk\u0119 na pod\u0142odze<\/li>\n<li>Umie\u015b\u0107 na niej \u0142ap\u0119 pupila<\/li>\n<li>Przy\u0142\u00f3\u017c i lekko doci\u015bnij \u0142apk\u0119<\/li>\n<li>Powoli odklejaj foli\u0119 od odbitki aby nie rozmaza\u0107 odcisku<\/li>\n<\/ul>\n<p><b>Je\u015bli marzysz o tym aby umie\u015bci\u0107 \u0142ap\u0119 ukochanego pupila na swojej sk\u00f3rze to nic prostszego, dzi\u0119ki temu gad\u017cetowi z \u0142atwo\u015bci\u0105 stworzysz sw\u00f3j wz\u00f3r tatua\u017cu.<\/b>[\/vc_column_text][image_with_animation image_url=&#8221;1957&#8243; image_size=&#8221;medium_large&#8221; animation_type=&#8221;entrance&#8221; animation=&#8221;None&#8221; animation_movement_type=&#8221;transform_y&#8221; hover_animation=&#8221;none&#8221; alignment=&#8221;center&#8221; border_radius=&#8221;20px&#8221; box_shadow=&#8221;medium_depth&#8221; image_loading=&#8221;default&#8221; max_width=&#8221;100%&#8221; max_width_mobile=&#8221;default&#8221;][\/vc_column][\/vc_row]\n","protected":false},"excerpt":{"rendered":"<p>Stw\u00f3rz wyj\u0105tkow\u0105 pami\u0105tk\u0119 swojego najlepszego pupila! Tusz do odcisk\u00f3w to fantastyczny gad\u017cet pozwalaj\u0105cy zachowa\u0107 na zawsze odcisk \u0142apki pupila, bez brudzenia \u0142apek Zestaw do odcisk\u00f3w \u0142ap,\u00a0niebrudz\u0105cy\u00a0i nieszkodliwy, to zdecydowanie\u00a0ponadczasowa\u00a0i\u00a0niezast\u0105piona pami\u0105tka&#8230;.<\/p>\n","protected":false},"featured_media":1954,"comment_status":"open","ping_status":"closed","template":"","meta":[],"product_brand":[],"product_cat":[15],"product_tag":[],"class_list":{"0":"post-1953","1":"product","2":"type-product","3":"status-publish","4":"has-post-thumbnail","6":"product_cat-wszystkie-produkty","8":"first","9":"instock","10":"shipping-taxable","11":"purchasable","12":"product-type-simple"},"_links":{"self":[{"href":"https:\/\/petimo.pl\/index.php?rest_route=\/wp\/v2\/product\/1953","targetHints":{"allow":["GET"]}}],"collection":[{"href":"https:\/\/petimo.pl\/index.php?rest_route=\/wp\/v2\/product"}],"about":[{"href":"https:\/\/petimo.pl\/index.php?rest_route=\/wp\/v2\/types\/product"}],"replies":[{"embeddable":true,"href":"https:\/\/petimo.pl\/index.php?rest_route=%2Fwp%2Fv2%2Fcomments&post=1953"}],"wp:featuredmedia":[{"embeddable":true,"href":"https:\/\/petimo.pl\/index.php?rest_route=\/wp\/v2\/media\/1954"}],"wp:attachment":[{"href":"https:\/\/petimo.pl\/index.php?rest_route=%2Fwp%2Fv2%2Fmedia&parent=1953"}],"wp:term":[{"taxonomy":"product_brand","embeddable":true,"href":"https:\/\/petimo.pl\/index.php?rest_route=%2Fwp%2Fv2%2Fproduct_brand&post=1953"},{"taxonomy":"product_cat","embeddable":true,"href":"https:\/\/petimo.pl\/index.php?rest_route=%2Fwp%2Fv2%2Fproduct_cat&post=1953"},{"taxonomy":"product_tag","embeddable":true,"href":"https:\/\/petimo.pl\/index.php?rest_route=%2Fwp%2Fv2%2Fproduct_tag&post=1953"}],"curies":[{"name":"wp","href":"https:\/\/api.w.org\/{rel}","templated":true}]}}