{"id":1749,"date":"2026-03-04T22:10:09","date_gmt":"2026-03-04T21:10:09","guid":{"rendered":"https:\/\/petimo.pl\/?post_type=product&#038;p=1749"},"modified":"2026-03-14T22:11:11","modified_gmt":"2026-03-14T21:11:11","slug":"zabawa-w-czytanie","status":"publish","type":"product","link":"https:\/\/petimo.pl\/?product=zabawa-w-czytanie","title":{"rendered":"Zestaw Miska Petimo\u2122 + Przysmak do lizania (10szt)"},"content":{"rendered":"[vc_row type=&#8221;in_container&#8221; full_screen_row_position=&#8221;middle&#8221; column_margin=&#8221;default&#8221; column_direction=&#8221;default&#8221; column_direction_tablet=&#8221;default&#8221; column_direction_phone=&#8221;default&#8221; scene_position=&#8221;center&#8221; translate_y=&#8221;-90&#8243; text_color=&#8221;dark&#8221; text_align=&#8221;left&#8221; row_border_radius=&#8221;none&#8221; row_border_radius_applies=&#8221;bg&#8221; overflow=&#8221;visible&#8221; overlay_strength=&#8221;0.3&#8243; gradient_direction=&#8221;left_to_right&#8221; shape_divider_position=&#8221;bottom&#8221; bg_image_animation=&#8221;none&#8221; gradient_type=&#8221;default&#8221; shape_type=&#8221;&#8221;][vc_column column_padding=&#8221;no-extra-padding&#8221; column_padding_tablet=&#8221;inherit&#8221; column_padding_phone=&#8221;inherit&#8221; column_padding_position=&#8221;all&#8221; column_element_direction_desktop=&#8221;default&#8221; column_element_spacing=&#8221;default&#8221; desktop_text_alignment=&#8221;default&#8221; tablet_text_alignment=&#8221;default&#8221; phone_text_alignment=&#8221;default&#8221; background_color_opacity=&#8221;1&#8243; background_hover_color_opacity=&#8221;1&#8243; column_backdrop_filter=&#8221;none&#8221; column_shadow=&#8221;none&#8221; column_border_radius=&#8221;none&#8221; column_link_target=&#8221;_self&#8221; column_position=&#8221;default&#8221; gradient_direction=&#8221;left_to_right&#8221; overlay_strength=&#8221;0.3&#8243; width=&#8221;1\/1&#8243; tablet_width_inherit=&#8221;default&#8221; animation_type=&#8221;default&#8221; bg_image_animation=&#8221;none&#8221; border_type=&#8221;simple&#8221; column_border_width=&#8221;none&#8221; column_border_style=&#8221;solid&#8221;][vc_column_text]\n<h2 data-start=\"119\" data-end=\"175\">\ud83d\udc3e 1. Zabawa, kt\u00f3ra uspokaja i zajmuje Twojego pupila<\/h2>\n<p data-start=\"177\" data-end=\"363\">Miski <strong data-start=\"183\" data-end=\"194\">PETIMO\u2122<\/strong> zosta\u0142y stworzone, aby zapewni\u0107 psom i kotom d\u0142ug\u0105, anga\u017cuj\u0105c\u0105 zabaw\u0119. Specjalna powierzchnia do lizania pozwala rozprowadzi\u0107 przysmak, kt\u00f3ry zwierzak powoli zlizuje.<\/p>\n<p data-start=\"365\" data-end=\"548\">Dzi\u0119ki temu:<br data-start=\"377\" data-end=\"380\" \/>\u2728 pupil zajmuje si\u0119 jedzeniem nawet przez kilkana\u015bcie minut<br data-start=\"439\" data-end=\"442\" \/>\u2728 lizanie dzia\u0142a <strong data-start=\"459\" data-end=\"492\">uspokajaj\u0105co i redukuje stres<\/strong><br data-start=\"492\" data-end=\"495\" \/>\u2728 pomaga ograniczy\u0107 nud\u0119 i niszczenie rzeczy w domu<\/p>\n<p data-start=\"550\" data-end=\"659\">To idealne rozwi\u0105zanie, gdy wychodzisz z domu, pracujesz lub chcesz da\u0107 swojemu pupilowi chwil\u0119 przyjemno\u015bci.<\/p>\n[\/vc_column_text][\/vc_column][\/vc_row][vc_row type=&#8221;in_container&#8221; full_screen_row_position=&#8221;middle&#8221; column_margin=&#8221;default&#8221; column_direction=&#8221;default&#8221; column_direction_tablet=&#8221;default&#8221; column_direction_phone=&#8221;default&#8221; scene_position=&#8221;center&#8221; translate_y=&#8221;-80&#8243; text_color=&#8221;dark&#8221; text_align=&#8221;left&#8221; row_border_radius=&#8221;none&#8221; row_border_radius_applies=&#8221;bg&#8221; overflow=&#8221;visible&#8221; overlay_strength=&#8221;0.3&#8243; gradient_direction=&#8221;left_to_right&#8221; shape_divider_position=&#8221;bottom&#8221; bg_image_animation=&#8221;none&#8221; gradient_type=&#8221;default&#8221; shape_type=&#8221;&#8221;][vc_column column_padding=&#8221;no-extra-padding&#8221; column_padding_tablet=&#8221;inherit&#8221; column_padding_phone=&#8221;inherit&#8221; column_padding_position=&#8221;all&#8221; column_element_direction_desktop=&#8221;default&#8221; column_element_spacing=&#8221;default&#8221; desktop_text_alignment=&#8221;default&#8221; tablet_text_alignment=&#8221;default&#8221; phone_text_alignment=&#8221;default&#8221; background_color_opacity=&#8221;1&#8243; background_hover_color_opacity=&#8221;1&#8243; column_backdrop_filter=&#8221;none&#8221; column_shadow=&#8221;none&#8221; column_border_radius=&#8221;none&#8221; column_link_target=&#8221;_self&#8221; column_position=&#8221;default&#8221; gradient_direction=&#8221;left_to_right&#8221; overlay_strength=&#8221;0.3&#8243; width=&#8221;1\/1&#8243; tablet_width_inherit=&#8221;default&#8221; animation_type=&#8221;default&#8221; bg_image_animation=&#8221;none&#8221; border_type=&#8221;simple&#8221; column_border_width=&#8221;none&#8221; column_border_style=&#8221;solid&#8221;][image_with_animation image_url=&#8221;1817&#8243; image_size=&#8221;medium_large&#8221; animation_type=&#8221;entrance&#8221; animation=&#8221;None&#8221; animation_movement_type=&#8221;transform_y&#8221; hover_animation=&#8221;none&#8221; alignment=&#8221;center&#8221; border_radius=&#8221;20px&#8221; box_shadow=&#8221;medium_depth&#8221; image_loading=&#8221;default&#8221; max_width=&#8221;100%&#8221; max_width_mobile=&#8221;default&#8221;][vc_column_text]\n<h2 data-start=\"666\" data-end=\"720\">\ud83c\udf57 2. Smaczna nagroda \u2013 a\u017c 10 przysmak\u00f3w w zestawie<\/h2>\n<p data-start=\"722\" data-end=\"819\">W zestawie otrzymujesz <strong data-start=\"745\" data-end=\"774\">10 smakowitych przysmak\u00f3w<\/strong>, kt\u00f3re wystarczy umie\u015bci\u0107 w misce PETIMO\u2122.<\/p>\n<p data-start=\"821\" data-end=\"933\">Tw\u00f3j pies lub kot b\u0119dzie:<br data-start=\"846\" data-end=\"849\" \/>\ud83d\udc36 z ciekawo\u015bci\u0105 wylizywa\u0107 ka\u017cdy kawa\u0142ek<br data-start=\"889\" data-end=\"892\" \/>\ud83d\udc31 bawi\u0107 si\u0119 i jednocze\u015bnie je\u015b\u0107 powoli<\/p>\n<p data-start=\"935\" data-end=\"1044\">Korzy\u015bci:<br data-start=\"944\" data-end=\"947\" \/>\u2714 spowalnia jedzenie<br data-start=\"967\" data-end=\"970\" \/>\u2714 poprawia trawienie<br data-start=\"990\" data-end=\"993\" \/>\u2714 zamienia zwyk\u0142\u0105 przek\u0105sk\u0119 w interaktywn\u0105 zabaw\u0119<\/p>\n<p data-start=\"1046\" data-end=\"1119\">To znacznie wi\u0119cej ni\u017c zwyk\u0142a miska \u2013 to <strong data-start=\"1087\" data-end=\"1118\">zabawka + smako\u0142yk w jednym<\/strong>.<\/p>\n[\/vc_column_text][image_with_animation image_url=&#8221;1820&#8243; image_size=&#8221;medium_large&#8221; animation_type=&#8221;entrance&#8221; animation=&#8221;None&#8221; animation_movement_type=&#8221;transform_y&#8221; hover_animation=&#8221;none&#8221; alignment=&#8221;center&#8221; border_radius=&#8221;20px&#8221; box_shadow=&#8221;medium_depth&#8221; image_loading=&#8221;default&#8221; max_width=&#8221;100%&#8221; max_width_mobile=&#8221;default&#8221;][vc_column_text]\n<h2 data-start=\"1126\" data-end=\"1174\">\ud83d\udc9b\u00a03. Bezpieczna, stabilna i wygodna w u\u017cyciu<\/h2>\n<p data-start=\"1176\" data-end=\"1248\">Miska PETIMO\u2122 zosta\u0142a zaprojektowana z my\u015bl\u0105 o codziennym u\u017cytkowaniu:<\/p>\n<p data-start=\"1250\" data-end=\"1407\">\ud83d\uded1 antypo\u015blizgowa podstawa \u2013 nie przesuwa si\u0119 podczas lizania<br data-start=\"1311\" data-end=\"1314\" \/>\ud83e\uddfc \u0142atwe czyszczenie \u2013 wystarczy op\u0142uka\u0107 wod\u0105<br data-start=\"1359\" data-end=\"1362\" \/>\ud83d\udc15 odpowiednia dla ps\u00f3w i kot\u00f3w r\u00f3\u017cnych ras<\/p>\n<p data-start=\"1409\" data-end=\"1529\">Dodatkowo <strong data-start=\"1419\" data-end=\"1443\">oszcz\u0119dzasz a\u017c 47 z\u0142<\/strong>, a zestaw zawiera wszystko, czego potrzebujesz, aby Tw\u00f3j pupil od razu zacz\u0105\u0142 zabaw\u0119.<\/p>\n<hr data-start=\"1531\" data-end=\"1534\" \/>\n<p data-start=\"1536\" data-end=\"1607\">\u2b50 <strong data-start=\"1538\" data-end=\"1607\">PETIMO\u2122 \u2013 bo Tw\u00f3j pupil zas\u0142uguje na co\u015b wi\u0119cej ni\u017c zwyk\u0142\u0105 misk\u0119.<\/strong><\/p>\n[\/vc_column_text][\/vc_column][\/vc_row]\n","protected":false},"excerpt":{"rendered":"<p><span class=\"html-span xexx8yu xyri2b x18d9i69 x1c1uobl x1hl2dhg x16tdsg8 x1vvkbs x3nfvp2 x1j61x8r x1fcty0u xdj266r xat24cr xm2jcoa x1mpyi22 xxymvpz xlup9mm x1kky2od\"><img loading=\"lazy\" decoding=\"async\" class=\"xz74otr x15mokao x1ga7v0g x16uus16 xbiv7yw\" src=\"https:\/\/static.xx.fbcdn.net\/images\/emoji.php\/v9\/tef\/2\/16\/1f525.png\" alt=\"\ud83d\udd25\" width=\"16\" height=\"16\" \/><\/span> Najcz\u0119\u015bciej wybierany zestaw<br \/>\n<span class=\"html-span xexx8yu xyri2b x18d9i69 x1c1uobl x1hl2dhg x16tdsg8 x1vvkbs x3nfvp2 x1j61x8r x1fcty0u xdj266r xat24cr xm2jcoa x1mpyi22 xxymvpz xlup9mm x1kky2od\"><img loading=\"lazy\" decoding=\"async\" class=\"xz74otr x15mokao x1ga7v0g x16uus16 xbiv7yw\" src=\"https:\/\/static.xx.fbcdn.net\/images\/emoji.php\/v9\/td2\/2\/16\/2714.png\" alt=\"\u2714\" width=\"16\" height=\"16\" \/><\/span> miska spowalniaj\u0105ca jedzenie<br \/>\n<span class=\"html-span xexx8yu xyri2b x18d9i69 x1c1uobl x1hl2dhg x16tdsg8 x1vvkbs x3nfvp2 x1j61x8r x1fcty0u xdj266r xat24cr xm2jcoa x1mpyi22 xxymvpz xlup9mm x1kky2od\"><img loading=\"lazy\" decoding=\"async\" class=\"xz74otr x15mokao x1ga7v0g x16uus16 xbiv7yw\" src=\"https:\/\/static.xx.fbcdn.net\/images\/emoji.php\/v9\/td2\/2\/16\/2714.png\" alt=\"\u2714\" width=\"16\" height=\"16\" \/><\/span> 10 przysmak\u00f3w dla psa lub kota<br \/>\n<span class=\"html-span xexx8yu xyri2b x18d9i69 x1c1uobl x1hl2dhg x16tdsg8 x1vvkbs x3nfvp2 x1j61x8r x1fcty0u xdj266r xat24cr xm2jcoa x1mpyi22 xxymvpz xlup9mm x1kky2od\"><img loading=\"lazy\" decoding=\"async\" class=\"xz74otr x15mokao x1ga7v0g x16uus16 xbiv7yw\" src=\"https:\/\/static.xx.fbcdn.net\/images\/emoji.php\/v9\/td2\/2\/16\/2714.png\" alt=\"\u2714\" width=\"16\" height=\"16\" \/><\/span> darmowa dostawa<br \/>\nIdealny zestaw, kt\u00f3ry zapewnia Twojemu pupilowi zdrowe jedzenie i \u015bwietn\u0105 zabaw\u0119.<\/p>\n","protected":false},"featured_media":1952,"comment_status":"open","ping_status":"closed","template":"","meta":[],"product_brand":[],"product_cat":[15],"product_tag":[],"class_list":{"0":"post-1749","1":"product","2":"type-product","3":"status-publish","4":"has-post-thumbnail","6":"product_cat-wszystkie-produkty","8":"first","9":"instock","10":"sale","11":"shipping-taxable","12":"purchasable","13":"product-type-simple"},"_links":{"self":[{"href":"https:\/\/petimo.pl\/index.php?rest_route=\/wp\/v2\/product\/1749","targetHints":{"allow":["GET"]}}],"collection":[{"href":"https:\/\/petimo.pl\/index.php?rest_route=\/wp\/v2\/product"}],"about":[{"href":"https:\/\/petimo.pl\/index.php?rest_route=\/wp\/v2\/types\/product"}],"replies":[{"embeddable":true,"href":"https:\/\/petimo.pl\/index.php?rest_route=%2Fwp%2Fv2%2Fcomments&post=1749"}],"wp:featuredmedia":[{"embeddable":true,"href":"https:\/\/petimo.pl\/index.php?rest_route=\/wp\/v2\/media\/1952"}],"wp:attachment":[{"href":"https:\/\/petimo.pl\/index.php?rest_route=%2Fwp%2Fv2%2Fmedia&parent=1749"}],"wp:term":[{"taxonomy":"product_brand","embeddable":true,"href":"https:\/\/petimo.pl\/index.php?rest_route=%2Fwp%2Fv2%2Fproduct_brand&post=1749"},{"taxonomy":"product_cat","embeddable":true,"href":"https:\/\/petimo.pl\/index.php?rest_route=%2Fwp%2Fv2%2Fproduct_cat&post=1749"},{"taxonomy":"product_tag","embeddable":true,"href":"https:\/\/petimo.pl\/index.php?rest_route=%2Fwp%2Fv2%2Fproduct_tag&post=1749"}],"curies":[{"name":"wp","href":"https:\/\/api.w.org\/{rel}","templated":true}]}}