{"id":9,"date":"2026-03-01T20:08:30","date_gmt":"2026-03-01T19:08:30","guid":{"rendered":"https:\/\/xn--duekroki-43b.pl\/?page_id=9"},"modified":"2026-03-25T18:59:10","modified_gmt":"2026-03-25T17:59:10","slug":"koszyk","status":"publish","type":"page","link":"https:\/\/petimo.pl\/?page_id=9","title":{"rendered":"Koszyk"},"content":{"rendered":"\n<div data-block-name=\"woocommerce\/cart\" class=\"wp-block-woocommerce-cart alignwide is-loading\">\n<div data-block-name=\"woocommerce\/filled-cart-block\" class=\"wp-block-woocommerce-filled-cart-block\">\n<div data-block-name=\"woocommerce\/cart-items-block\" class=\"wp-block-woocommerce-cart-items-block\">\n<div data-block-name=\"woocommerce\/cart-line-items-block\" class=\"wp-block-woocommerce-cart-line-items-block\"><\/div>\n\n\n<\/div>\n\n\n\n\n<div data-block-name=\"woocommerce\/cart-totals-block\" class=\"wp-block-woocommerce-cart-totals-block\">\n<div data-block-name=\"woocommerce\/cart-order-summary-block\" class=\"wp-block-woocommerce-cart-order-summary-block\">\n<div data-block-name=\"woocommerce\/cart-order-summary-heading-block\" class=\"wp-block-woocommerce-cart-order-summary-heading-block\"><\/div><div data-block-name=\"woocommerce\/cart-order-summary-coupon-form-block\" class=\"wp-block-woocommerce-cart-order-summary-coupon-form-block\"><\/div><div data-block-name=\"woocommerce\/cart-order-summary-totals-block\" class=\"wp-block-woocommerce-cart-order-summary-totals-block\">\n<div data-block-name=\"woocommerce\/cart-order-summary-subtotal-block\" class=\"wp-block-woocommerce-cart-order-summary-subtotal-block\"><\/div>\n<div data-block-name=\"woocommerce\/cart-order-summary-discount-block\" class=\"wp-block-woocommerce-cart-order-summary-discount-block\"><\/div>\n<div data-block-name=\"woocommerce\/cart-order-summary-fee-block\" class=\"wp-block-woocommerce-cart-order-summary-fee-block\"><\/div>\n<div data-block-name=\"woocommerce\/cart-order-summary-shipping-block\" class=\"wp-block-woocommerce-cart-order-summary-shipping-block\"><\/div>\n<div data-block-name=\"woocommerce\/cart-order-summary-taxes-block\" class=\"wp-block-woocommerce-cart-order-summary-taxes-block\"><\/div><\/div>\n<\/div>\n\n\n\n<div data-block-name=\"woocommerce\/cart-express-payment-block\" class=\"wp-block-woocommerce-cart-express-payment-block\"><\/div>\n\n\n\n<div data-block-name=\"woocommerce\/proceed-to-checkout-block\" class=\"wp-block-woocommerce-proceed-to-checkout-block\"><\/div>\n\n\n\n<div data-block-name=\"woocommerce\/cart-accepted-payment-methods-block\" class=\"wp-block-woocommerce-cart-accepted-payment-methods-block\"><\/div>\n<\/div>\n<\/div>\n\n\n\n<div data-block-name=\"woocommerce\/empty-cart-block\" class=\"wp-block-woocommerce-empty-cart-block\">\n<h2 class=\"wp-block-heading has-text-align-center with-empty-cart-icon wc-block-cart__empty-cart__title\">Tw\u00f3j koszyk jest obecnie pusty!<\/h2>\n\n\n\n<hr class=\"wp-block-separator has-alpha-channel-opacity is-style-dots\"\/>\n\n\n\n<h2 class=\"wp-block-heading has-text-align-center\">Nowe w sklepie<\/h2>\n\n\n<div data-block-name=\"woocommerce\/product-new\" data-columns=\"4\" data-rows=\"1\" class=\"wc-block-grid wp-block-product-new wp-block-woocommerce-product-new wc-block-product-new has-4-columns\"><ul class=\"wc-block-grid__products\"><li class=\"wc-block-grid__product\">\n\t\t\t\t<a href=\"https:\/\/petimo.pl\/?product=petimo-2x-zestaw-4-smaczki-gratis\" class=\"wc-block-grid__product-link\">\n\t\t\t\t\t\n\t\t\t\t\t<div class=\"wc-block-grid__product-image\"><img loading=\"lazy\" decoding=\"async\" width=\"300\" height=\"300\" src=\"https:\/\/petimo.pl\/wp-content\/uploads\/2026\/03\/nowy-zestaw-300x300.png\" class=\"attachment-woocommerce_thumbnail size-woocommerce_thumbnail\" alt=\"Petimo\u2122 - 2x (ZESTAW) + 4 smaczki gratis\" srcset=\"https:\/\/petimo.pl\/wp-content\/uploads\/2026\/03\/nowy-zestaw-300x300.png 300w, https:\/\/petimo.pl\/wp-content\/uploads\/2026\/03\/nowy-zestaw-1024x1024.png 1024w, https:\/\/petimo.pl\/wp-content\/uploads\/2026\/03\/nowy-zestaw-150x150.png 150w, https:\/\/petimo.pl\/wp-content\/uploads\/2026\/03\/nowy-zestaw-768x768.png 768w, https:\/\/petimo.pl\/wp-content\/uploads\/2026\/03\/nowy-zestaw-1536x1536.png 1536w, https:\/\/petimo.pl\/wp-content\/uploads\/2026\/03\/nowy-zestaw-140x140.png 140w, https:\/\/petimo.pl\/wp-content\/uploads\/2026\/03\/nowy-zestaw-100x100.png 100w, https:\/\/petimo.pl\/wp-content\/uploads\/2026\/03\/nowy-zestaw-500x500.png 500w, https:\/\/petimo.pl\/wp-content\/uploads\/2026\/03\/nowy-zestaw-350x350.png 350w, https:\/\/petimo.pl\/wp-content\/uploads\/2026\/03\/nowy-zestaw-1000x1000.png 1000w, https:\/\/petimo.pl\/wp-content\/uploads\/2026\/03\/nowy-zestaw-800x800.png 800w, https:\/\/petimo.pl\/wp-content\/uploads\/2026\/03\/nowy-zestaw-600x600.png 600w, https:\/\/petimo.pl\/wp-content\/uploads\/2026\/03\/nowy-zestaw.png 1875w\" sizes=\"auto, (max-width: 300px) 100vw, 300px\" \/><\/div>\n\t\t\t\t\t<div class=\"wc-block-grid__product-title\">Petimo\u2122 &#8211; 2x (ZESTAW) + 4 smaczki gratis<\/div>\n\t\t\t\t<\/a>\n\t\t\t\t<div class=\"wc-block-grid__product-price price\"><span class=\"woocommerce-Price-amount amount\">104,99&nbsp;<span class=\"woocommerce-Price-currencySymbol\">&#122;&#322;<\/span><\/span><\/div>\n\t\t\t\t\n\t\t\t\t<div class=\"wp-block-button wc-block-grid__product-add-to-cart\"><a href=\"\/index.php?rest_route=%2Fwp%2Fv2%2Fpages%2F9&#038;add-to-cart=2146\" aria-label=\"Dodaj do koszyka: &bdquo;Petimo\u2122 - 2x (ZESTAW) + 4 smaczki gratis&rdquo;\" data-quantity=\"1\" data-product_id=\"2146\" data-product_sku=\"\" data-price=\"104.99\" rel=\"nofollow\" class=\"wp-block-button__link  add_to_cart_button ajax_add_to_cart\">Dodaj do koszyka<\/a><\/div>\n\t\t\t<\/li><li class=\"wc-block-grid__product\">\n\t\t\t\t<a href=\"https:\/\/petimo.pl\/?product=odcisk-lapy\" class=\"wc-block-grid__product-link\">\n\t\t\t\t\t\n\t\t\t\t\t<div class=\"wc-block-grid__product-image\"><img loading=\"lazy\" decoding=\"async\" width=\"300\" height=\"300\" src=\"https:\/\/petimo.pl\/wp-content\/uploads\/2026\/03\/ZESTAW-DO-ODCISKU-LAPY-PSA-KOTA-ODCISK-FARBKA-TUSZ-DO-ODCISKU-ODCISKANIA-300x300.jpg\" class=\"attachment-woocommerce_thumbnail size-woocommerce_thumbnail\" alt=\"Odcisk \u0141apy\" srcset=\"https:\/\/petimo.pl\/wp-content\/uploads\/2026\/03\/ZESTAW-DO-ODCISKU-LAPY-PSA-KOTA-ODCISK-FARBKA-TUSZ-DO-ODCISKU-ODCISKANIA-300x300.jpg 300w, https:\/\/petimo.pl\/wp-content\/uploads\/2026\/03\/ZESTAW-DO-ODCISKU-LAPY-PSA-KOTA-ODCISK-FARBKA-TUSZ-DO-ODCISKU-ODCISKANIA-150x150.jpg 150w, https:\/\/petimo.pl\/wp-content\/uploads\/2026\/03\/ZESTAW-DO-ODCISKU-LAPY-PSA-KOTA-ODCISK-FARBKA-TUSZ-DO-ODCISKU-ODCISKANIA-768x768.jpg 768w, https:\/\/petimo.pl\/wp-content\/uploads\/2026\/03\/ZESTAW-DO-ODCISKU-LAPY-PSA-KOTA-ODCISK-FARBKA-TUSZ-DO-ODCISKU-ODCISKANIA-140x140.jpg 140w, https:\/\/petimo.pl\/wp-content\/uploads\/2026\/03\/ZESTAW-DO-ODCISKU-LAPY-PSA-KOTA-ODCISK-FARBKA-TUSZ-DO-ODCISKU-ODCISKANIA-100x100.jpg 100w, https:\/\/petimo.pl\/wp-content\/uploads\/2026\/03\/ZESTAW-DO-ODCISKU-LAPY-PSA-KOTA-ODCISK-FARBKA-TUSZ-DO-ODCISKU-ODCISKANIA-500x500.jpg 500w, https:\/\/petimo.pl\/wp-content\/uploads\/2026\/03\/ZESTAW-DO-ODCISKU-LAPY-PSA-KOTA-ODCISK-FARBKA-TUSZ-DO-ODCISKU-ODCISKANIA-350x350.jpg 350w, https:\/\/petimo.pl\/wp-content\/uploads\/2026\/03\/ZESTAW-DO-ODCISKU-LAPY-PSA-KOTA-ODCISK-FARBKA-TUSZ-DO-ODCISKU-ODCISKANIA-200x200.jpg 200w, https:\/\/petimo.pl\/wp-content\/uploads\/2026\/03\/ZESTAW-DO-ODCISKU-LAPY-PSA-KOTA-ODCISK-FARBKA-TUSZ-DO-ODCISKU-ODCISKANIA-400x400.jpg 400w, https:\/\/petimo.pl\/wp-content\/uploads\/2026\/03\/ZESTAW-DO-ODCISKU-LAPY-PSA-KOTA-ODCISK-FARBKA-TUSZ-DO-ODCISKU-ODCISKANIA-600x600.jpg 600w, https:\/\/petimo.pl\/wp-content\/uploads\/2026\/03\/ZESTAW-DO-ODCISKU-LAPY-PSA-KOTA-ODCISK-FARBKA-TUSZ-DO-ODCISKU-ODCISKANIA.jpg 800w\" sizes=\"auto, (max-width: 300px) 100vw, 300px\" \/><\/div>\n\t\t\t\t\t<div class=\"wc-block-grid__product-title\">Odcisk \u0141apy<\/div>\n\t\t\t\t<\/a>\n\t\t\t\t<div class=\"wc-block-grid__product-price price\"><span class=\"woocommerce-Price-amount amount\">34,99&nbsp;<span class=\"woocommerce-Price-currencySymbol\">&#122;&#322;<\/span><\/span><\/div>\n\t\t\t\t\n\t\t\t\t<div class=\"wp-block-button wc-block-grid__product-add-to-cart\"><a href=\"\/index.php?rest_route=%2Fwp%2Fv2%2Fpages%2F9&#038;add-to-cart=1953\" aria-label=\"Dodaj do koszyka: &bdquo;Odcisk \u0141apy&rdquo;\" data-quantity=\"1\" data-product_id=\"1953\" data-product_sku=\"\" data-price=\"34.99\" rel=\"nofollow\" class=\"wp-block-button__link  add_to_cart_button ajax_add_to_cart\">Dodaj do koszyka<\/a><\/div>\n\t\t\t<\/li><li class=\"wc-block-grid__product\">\n\t\t\t\t<a href=\"https:\/\/petimo.pl\/?product=zabawa-w-czytanie\" class=\"wc-block-grid__product-link\">\n\t\t\t\t\t<div class=\"wc-block-grid__product-onsale\">\n\t\t\t<span aria-hidden=\"true\">Promocja<\/span>\n\t\t\t<span class=\"screen-reader-text\">Produkt w promocji<\/span>\n\t\t<\/div>\n\t\t\t\t\t<div class=\"wc-block-grid__product-image\"><img loading=\"lazy\" decoding=\"async\" width=\"300\" height=\"300\" src=\"https:\/\/petimo.pl\/wp-content\/uploads\/2026\/03\/zestaw-300x300.png\" class=\"attachment-woocommerce_thumbnail size-woocommerce_thumbnail\" alt=\"Zestaw Miska Petimo\u2122 + Przysmak do lizania (10szt)\" srcset=\"https:\/\/petimo.pl\/wp-content\/uploads\/2026\/03\/zestaw-300x300.png 300w, https:\/\/petimo.pl\/wp-content\/uploads\/2026\/03\/zestaw-1024x1024.png 1024w, https:\/\/petimo.pl\/wp-content\/uploads\/2026\/03\/zestaw-150x150.png 150w, https:\/\/petimo.pl\/wp-content\/uploads\/2026\/03\/zestaw-768x768.png 768w, https:\/\/petimo.pl\/wp-content\/uploads\/2026\/03\/zestaw-1536x1536.png 1536w, https:\/\/petimo.pl\/wp-content\/uploads\/2026\/03\/zestaw-2048x2048.png 2048w, https:\/\/petimo.pl\/wp-content\/uploads\/2026\/03\/zestaw-140x140.png 140w, https:\/\/petimo.pl\/wp-content\/uploads\/2026\/03\/zestaw-100x100.png 100w, https:\/\/petimo.pl\/wp-content\/uploads\/2026\/03\/zestaw-500x500.png 500w, https:\/\/petimo.pl\/wp-content\/uploads\/2026\/03\/zestaw-350x350.png 350w, https:\/\/petimo.pl\/wp-content\/uploads\/2026\/03\/zestaw-1000x1000.png 1000w, https:\/\/petimo.pl\/wp-content\/uploads\/2026\/03\/zestaw-800x800.png 800w, https:\/\/petimo.pl\/wp-content\/uploads\/2026\/03\/zestaw-200x200.png 200w, https:\/\/petimo.pl\/wp-content\/uploads\/2026\/03\/zestaw-400x400.png 400w, https:\/\/petimo.pl\/wp-content\/uploads\/2026\/03\/zestaw-600x600.png 600w\" sizes=\"auto, (max-width: 300px) 100vw, 300px\" \/><\/div>\n\t\t\t\t\t<div class=\"wc-block-grid__product-title\">Zestaw Miska Petimo\u2122 + Przysmak do lizania (10szt)<\/div>\n\t\t\t\t<\/a>\n\t\t\t\t<div class=\"wc-block-grid__product-price price\"><del aria-hidden=\"true\"><span class=\"woocommerce-Price-amount amount\">134,98&nbsp;<span class=\"woocommerce-Price-currencySymbol\">&#122;&#322;<\/span><\/span><\/del> <span class=\"screen-reader-text\">Pierwotna cena wynosi\u0142a: 134,98&nbsp;&#122;&#322;.<\/span><ins aria-hidden=\"true\"><span class=\"woocommerce-Price-amount amount\">99,00&nbsp;<span class=\"woocommerce-Price-currencySymbol\">&#122;&#322;<\/span><\/span><\/ins><span class=\"screen-reader-text\">Aktualna cena wynosi: 99,00&nbsp;&#122;&#322;.<\/span><\/div>\n\t\t\t\t\n\t\t\t\t<div class=\"wp-block-button wc-block-grid__product-add-to-cart\"><a href=\"\/index.php?rest_route=%2Fwp%2Fv2%2Fpages%2F9&#038;add-to-cart=1749\" aria-label=\"Dodaj do koszyka: &bdquo;Zestaw Miska Petimo\u2122 + Przysmak do lizania (10szt)&rdquo;\" data-quantity=\"1\" data-product_id=\"1749\" data-product_sku=\"\" data-price=\"99\" rel=\"nofollow\" class=\"wp-block-button__link  add_to_cart_button ajax_add_to_cart\">Dodaj do koszyka<\/a><\/div>\n\t\t\t<\/li><li class=\"wc-block-grid__product\">\n\t\t\t\t<a href=\"https:\/\/petimo.pl\/?product=sowa-nauka-liczenia\" class=\"wc-block-grid__product-link\">\n\t\t\t\t\t<div class=\"wc-block-grid__product-onsale\">\n\t\t\t<span aria-hidden=\"true\">Promocja<\/span>\n\t\t\t<span class=\"screen-reader-text\">Produkt w promocji<\/span>\n\t\t<\/div>\n\t\t\t\t\t<div class=\"wc-block-grid__product-image\"><img loading=\"lazy\" decoding=\"async\" width=\"300\" height=\"300\" src=\"https:\/\/petimo.pl\/wp-content\/uploads\/2026\/03\/MISKA-NA-WODE-NIECHLAPIACA-DLA-PSA-KOTA-PLYWAJACA-ANTYPOSLIZGOWA-1L-Els-Pet-300x300.jpg\" class=\"attachment-woocommerce_thumbnail size-woocommerce_thumbnail\" alt=\"Miska niechlapi\u0105ca 1L\" srcset=\"https:\/\/petimo.pl\/wp-content\/uploads\/2026\/03\/MISKA-NA-WODE-NIECHLAPIACA-DLA-PSA-KOTA-PLYWAJACA-ANTYPOSLIZGOWA-1L-Els-Pet-300x300.jpg 300w, https:\/\/petimo.pl\/wp-content\/uploads\/2026\/03\/MISKA-NA-WODE-NIECHLAPIACA-DLA-PSA-KOTA-PLYWAJACA-ANTYPOSLIZGOWA-1L-Els-Pet-150x150.jpg 150w, https:\/\/petimo.pl\/wp-content\/uploads\/2026\/03\/MISKA-NA-WODE-NIECHLAPIACA-DLA-PSA-KOTA-PLYWAJACA-ANTYPOSLIZGOWA-1L-Els-Pet-140x140.jpg 140w, https:\/\/petimo.pl\/wp-content\/uploads\/2026\/03\/MISKA-NA-WODE-NIECHLAPIACA-DLA-PSA-KOTA-PLYWAJACA-ANTYPOSLIZGOWA-1L-Els-Pet-100x100.jpg 100w, https:\/\/petimo.pl\/wp-content\/uploads\/2026\/03\/MISKA-NA-WODE-NIECHLAPIACA-DLA-PSA-KOTA-PLYWAJACA-ANTYPOSLIZGOWA-1L-Els-Pet-500x500.jpg 500w, https:\/\/petimo.pl\/wp-content\/uploads\/2026\/03\/MISKA-NA-WODE-NIECHLAPIACA-DLA-PSA-KOTA-PLYWAJACA-ANTYPOSLIZGOWA-1L-Els-Pet-350x350.jpg 350w, https:\/\/petimo.pl\/wp-content\/uploads\/2026\/03\/MISKA-NA-WODE-NIECHLAPIACA-DLA-PSA-KOTA-PLYWAJACA-ANTYPOSLIZGOWA-1L-Els-Pet-1000x1000.jpg 1000w, https:\/\/petimo.pl\/wp-content\/uploads\/2026\/03\/MISKA-NA-WODE-NIECHLAPIACA-DLA-PSA-KOTA-PLYWAJACA-ANTYPOSLIZGOWA-1L-Els-Pet-800x800.jpg 800w, https:\/\/petimo.pl\/wp-content\/uploads\/2026\/03\/MISKA-NA-WODE-NIECHLAPIACA-DLA-PSA-KOTA-PLYWAJACA-ANTYPOSLIZGOWA-1L-Els-Pet-200x200.jpg 200w, https:\/\/petimo.pl\/wp-content\/uploads\/2026\/03\/MISKA-NA-WODE-NIECHLAPIACA-DLA-PSA-KOTA-PLYWAJACA-ANTYPOSLIZGOWA-1L-Els-Pet-400x400.jpg 400w\" sizes=\"auto, (max-width: 300px) 100vw, 300px\" \/><\/div>\n\t\t\t\t\t<div class=\"wc-block-grid__product-title\">Miska niechlapi\u0105ca 1L<\/div>\n\t\t\t\t<\/a>\n\t\t\t\t<div class=\"wc-block-grid__product-price price\"><del aria-hidden=\"true\"><span class=\"woocommerce-Price-amount amount\">64,99&nbsp;<span class=\"woocommerce-Price-currencySymbol\">&#122;&#322;<\/span><\/span><\/del> <span class=\"screen-reader-text\">Pierwotna cena wynosi\u0142a: 64,99&nbsp;&#122;&#322;.<\/span><ins aria-hidden=\"true\"><span class=\"woocommerce-Price-amount amount\">42,99&nbsp;<span class=\"woocommerce-Price-currencySymbol\">&#122;&#322;<\/span><\/span><\/ins><span class=\"screen-reader-text\">Aktualna cena wynosi: 42,99&nbsp;&#122;&#322;.<\/span><\/div>\n\t\t\t\t\n\t\t\t\t<div class=\"wp-block-button wc-block-grid__product-add-to-cart\"><a href=\"\/index.php?rest_route=%2Fwp%2Fv2%2Fpages%2F9&#038;add-to-cart=1747\" aria-label=\"Dodaj do koszyka: &bdquo;Miska niechlapi\u0105ca 1L&rdquo;\" data-quantity=\"1\" data-product_id=\"1747\" data-product_sku=\"\" data-price=\"42.99\" rel=\"nofollow\" class=\"wp-block-button__link  add_to_cart_button ajax_add_to_cart\">Dodaj do koszyka<\/a><\/div>\n\t\t\t<\/li><\/ul><\/div><\/div>\n<\/div>\n","protected":false},"excerpt":{"rendered":"Zobacz inne r\u00f3wnie interesuj\u0105ce&hellip; Tw\u00f3j koszyk jest obecnie pusty! Nowe w sklepie","protected":false},"author":1,"featured_media":0,"parent":0,"menu_order":0,"comment_status":"closed","ping_status":"closed","template":"","meta":{"footnotes":""},"class_list":["post-9","page","type-page","status-publish"],"_links":{"self":[{"href":"https:\/\/petimo.pl\/index.php?rest_route=\/wp\/v2\/pages\/9","targetHints":{"allow":["GET"]}}],"collection":[{"href":"https:\/\/petimo.pl\/index.php?rest_route=\/wp\/v2\/pages"}],"about":[{"href":"https:\/\/petimo.pl\/index.php?rest_route=\/wp\/v2\/types\/page"}],"author":[{"embeddable":true,"href":"https:\/\/petimo.pl\/index.php?rest_route=\/wp\/v2\/users\/1"}],"replies":[{"embeddable":true,"href":"https:\/\/petimo.pl\/index.php?rest_route=%2Fwp%2Fv2%2Fcomments&post=9"}],"version-history":[{"count":1,"href":"https:\/\/petimo.pl\/index.php?rest_route=\/wp\/v2\/pages\/9\/revisions"}],"predecessor-version":[{"id":1704,"href":"https:\/\/petimo.pl\/index.php?rest_route=\/wp\/v2\/pages\/9\/revisions\/1704"}],"wp:attachment":[{"href":"https:\/\/petimo.pl\/index.php?rest_route=%2Fwp%2Fv2%2Fmedia&parent=9"}],"curies":[{"name":"wp","href":"https:\/\/api.w.org\/{rel}","templated":true}]}}